{"id":1897,"date":"2022-01-08T00:15:17","date_gmt":"2022-01-07T23:15:17","guid":{"rendered":"https:\/\/siteok.edicic.org\/pt\/?page_id=1897"},"modified":"2022-02-28T09:18:57","modified_gmt":"2022-02-28T12:18:57","slug":"editorial-edicic","status":"publish","type":"page","link":"https:\/\/siteok.edicic.org\/pt\/publicaciones\/editorial-edicic\/","title":{"rendered":"Editorial EDICIC"},"content":{"rendered":"<p><div class=\"fusion-fullwidth fullwidth-box fusion-builder-row-1 fusion-flex-container nonhundred-percent-fullwidth non-hundred-percent-height-scrolling\" style=\"background-color: var(--awb-color2);background-position: left top;background-repeat: no-repeat;border-width: 0px 0px 0px 0px;border-color:#e7e4e2;border-style:solid;\" ><div class=\"fusion-builder-row fusion-row fusion-flex-align-items-flex-start\" style=\"max-width:1331.2px;margin-left: calc(-4% \/ 2 );margin-right: calc(-4% \/ 2 );\"><div class=\"fusion-layout-column fusion_builder_column fusion-builder-column-0 fusion_builder_column_1_6 1_6 fusion-flex-column fusion-no-small-visibility\"><div class=\"fusion-column-wrapper fusion-flex-justify-content-flex-start fusion-content-layout-column\" style=\"background-position:left top;background-repeat:no-repeat;-webkit-background-size:cover;-moz-background-size:cover;-o-background-size:cover;background-size:cover;padding: 0px 0px 0px 0px;\"><\/div><style type=\"text\/css\">.fusion-body .fusion-builder-column-0{width:16.666666666667% !important;margin-top : 10px;margin-bottom : 10px;}.fusion-builder-column-0 > .fusion-column-wrapper {padding-top : 0px !important;padding-right : 0px !important;margin-right : 11.52%;padding-bottom : 0px !important;padding-left : 0px !important;margin-left : 11.52%;}@media only screen and (max-width:1024px) {.fusion-body .fusion-builder-column-0{width:100% !important;}.fusion-builder-column-0 > .fusion-column-wrapper {margin-right : 1.92%;margin-left : 1.92%;}}@media only screen and (max-width:640px) {.fusion-body .fusion-builder-column-0{width:100% !important;}.fusion-builder-column-0 > .fusion-column-wrapper {margin-right : 1.92%;margin-left : 1.92%;}}<\/style><\/div><div class=\"fusion-layout-column fusion_builder_column fusion-builder-column-1 fusion_builder_column_2_3 2_3 fusion-flex-column\"><div class=\"fusion-column-wrapper fusion-flex-justify-content-flex-start fusion-content-layout-column\" style=\"background-position:left top;background-repeat:no-repeat;-webkit-background-size:cover;-moz-background-size:cover;-o-background-size:cover;background-size:cover;padding: 0px 0px 0px 0px;\"><div style=\"text-align:center;\"><style>.fusion-imageframe.imageframe-1{ margin-bottom : 32px;}<\/style><span class=\" fusion-imageframe imageframe-none imageframe-1 hover-type-none\"><a class=\"fusion-no-lightbox\" href=\"https:\/\/bit.ly\/39rvojm\" target=\"_blank\" aria-label=\"Ativo 11\" rel=\"noopener noreferrer\"><img decoding=\"async\" width=\"207\" height=\"124\" alt=\"Logo EDICIC P\u00e1ginas internas\" src=\"https:\/\/siteok.edicic.org\/pt\/wp-content\/uploads\/2021\/12\/Ativo-11.png\" data-orig-src=\"https:\/\/siteok.edicic.org\/wp-content\/uploads\/2021\/12\/Ativo-11.png\" class=\"lazyload img-responsive wp-image-1719\" srcset=\"data:image\/svg+xml,%3Csvg%20xmlns%3D%27http%3A%2F%2Fwww.w3.org%2F2000%2Fsvg%27%20width%3D%27207%27%20height%3D%27124%27%20viewBox%3D%270%200%20207%20124%27%3E%3Crect%20width%3D%27207%27%20height%3D%27124%27%20fill-opacity%3D%220%22%2F%3E%3C%2Fsvg%3E\" data-srcset=\"https:\/\/siteok.edicic.org\/pt\/wp-content\/uploads\/2021\/12\/Ativo-11-200x120.png 200w, https:\/\/siteok.edicic.org\/pt\/wp-content\/uploads\/2021\/12\/Ativo-11.png 207w\" data-sizes=\"auto\" data-orig-sizes=\"(max-width: 1024px) 100vw, (max-width: 640px) 100vw, 207px\" \/><\/a><\/span><\/div><style type=\"text\/css\">@media only screen and (max-width:1024px) {.fusion-title.fusion-title-1{margin-top:0px!important; margin-right:0px!important;margin-bottom:20px!important;margin-left:0px!important;}}@media only screen and (max-width:640px) {.fusion-title.fusion-title-1{margin-top:10px!important; margin-right:0px!important;margin-bottom:20px!important; margin-left:0px!important;}}<\/style><div class=\"fusion-title title fusion-title-1 fusion-sep-none fusion-title-center fusion-title-text fusion-title-size-two\" style=\"margin-top:0px;margin-right:0px;margin-bottom:20px;margin-left:0px;\"><h2 class=\"title-heading-center fusion-responsive-typography-calculated\" style=\"margin:0;--fontSize:34;line-height:1.47;\">Editorial EDICIC<\/h2><\/div><div class=\"fusion-text fusion-text-1\" style=\"text-align:center;font-size:var(--awb-typography2-font-size);line-height:var(--awb-typography2-line-height);letter-spacing:var(--awb-typography2-letter-spacing);text-transform:var(--awb-typography2-text-transform);font-family:var(--awb-typography2-font-family);font-weight:var(--awb-typography2-font-weight);font-style:var(--awb-typography2-font-style);\"><p style=\"color: #003f8c; font-family: Roboto; font-weight: 100;\" data-fusion-font=\"true\" data-fusion-google-font=\"Roboto\" data-fusion-google-variant=\"100\">Publica\u00e7\u00e3o de livros resultantes de investiga\u00e7\u00f5es acad\u00eamico-cient\u00edficas na \u00e1rea da Ci\u00eancia da Informa\u00e7\u00e3o<\/p>\n<\/div><div class=\"fusion-separator\" style=\"align-self: center;margin-left: auto;margin-right: auto;margin-top:15px;margin-bottom:60px;width:100%;max-width:170px;\"><div class=\"fusion-separator-border sep-single sep-solid\" style=\"border-color:var(--awb-color4);border-top-width:1px;\"><\/div><\/div><\/div><style type=\"text\/css\">.fusion-body .fusion-builder-column-1{width:66.666666666667% !important;margin-top : 10px;margin-bottom : 30px;}.fusion-builder-column-1 > .fusion-column-wrapper {padding-top : 0px !important;padding-right : 0px !important;margin-right : 2.88%;padding-bottom : 0px !important;padding-left : 0px !important;margin-left : 2.88%;}@media only screen and (max-width:1024px) {.fusion-body .fusion-builder-column-1{width:100% !important;}.fusion-builder-column-1 > .fusion-column-wrapper {margin-right : 1.92%;margin-left : 1.92%;}}@media only screen and (max-width:640px) {.fusion-body .fusion-builder-column-1{width:100% !important;margin-bottom : 0px;}.fusion-builder-column-1 > .fusion-column-wrapper {margin-right : 1.92%;margin-left : 1.92%;}}<\/style><\/div><div class=\"fusion-layout-column fusion_builder_column fusion-builder-column-2 fusion_builder_column_1_6 1_6 fusion-flex-column fusion-no-small-visibility\"><div class=\"fusion-column-wrapper fusion-flex-justify-content-flex-start fusion-content-layout-column\" style=\"background-position:left top;background-repeat:no-repeat;-webkit-background-size:cover;-moz-background-size:cover;-o-background-size:cover;background-size:cover;padding: 0px 0px 0px 0px;\"><\/div><style type=\"text\/css\">.fusion-body .fusion-builder-column-2{width:16.666666666667% !important;margin-top : 10px;margin-bottom : 10px;}.fusion-builder-column-2 > .fusion-column-wrapper {padding-top : 0px !important;padding-right : 0px !important;margin-right : 11.52%;padding-bottom : 0px !important;padding-left : 0px !important;margin-left : 11.52%;}@media only screen and (max-width:1024px) {.fusion-body .fusion-builder-column-2{width:100% !important;}.fusion-builder-column-2 > .fusion-column-wrapper {margin-right : 1.92%;margin-left : 1.92%;}}@media only screen and (max-width:640px) {.fusion-body .fusion-builder-column-2{width:100% !important;}.fusion-builder-column-2 > .fusion-column-wrapper {margin-right : 1.92%;margin-left : 1.92%;}}<\/style><\/div><div class=\"fusion-layout-column fusion_builder_column fusion-builder-column-3 fusion_builder_column_1_1 1_1 fusion-flex-column fusion-flex-align-self-flex-start fusion-column-no-min-height\"><div class=\"fusion-column-wrapper fusion-flex-justify-content-flex-start fusion-content-layout-column\" style=\"background-position:left top;background-repeat:no-repeat;-webkit-background-size:cover;-moz-background-size:cover;-o-background-size:cover;background-size:cover;padding: 0px 0px 0px 0px;\"><div class=\"fusion-separator fusion-full-width-sep\" style=\"align-self: center;margin-left: auto;margin-right: auto;margin-top:50px;width:100%;\"><\/div><style type=\"text\/css\">.fusion-portfolio-wrapper#fusion-portfolio-2 .fusion-portfolio-content{ padding: 30px 35px 30px 35px; text-align: left; }<\/style><div class=\"fusion-recent-works fusion-portfolio-element fusion-portfolio fusion-portfolio-2 fusion-portfolio-grid fusion-portfolio-paging-none fusion-portfolio-three fusion-portfolio-boxed fusion-portfolio-text fusion-portfolio-rollover\" data-id=\"-rw-2\" data-columns=\"three\"><style type=\"text\/css\">.fusion-portfolio-2 .fusion-portfolio-wrapper .fusion-col-spacing{padding:25px;}<\/style><div class=\"fusion-portfolio-wrapper\" id=\"fusion-portfolio-2\" data-picturesize=\"auto\" data-pages=\"1\" style=\"margin:-25px;\"><article id=\"portfolio-2-post-2523\" class=\"fusion-portfolio-post fusion-col-spacing post-2523\"><div class=\"fusion-portfolio-content-wrapper\" style=\"border:none;background-color:rgba(255,255,255,1);\"><span class=\"vcard rich-snippet-hidden\"><span class=\"fn\"><a href=\"https:\/\/siteok.edicic.org\/pt\/author\/edicicor\/\" title=\"Posts de edicicor\" rel=\"author\">edicicor<\/a><\/span><\/span><span class=\"updated rich-snippet-hidden\">2022-02-28T11:06:05-03:00<\/span><div  class=\"fusion-image-wrapper\" aria-haspopup=\"true\">\n\t\t\t\t<img decoding=\"async\" width=\"1410\" height=\"2250\" src=\"https:\/\/siteok.edicic.org\/pt\/wp-content\/uploads\/2022\/02\/Capa_Livro_4.png\" class=\"attachment-full size-full lazyload wp-post-image\" alt=\"\" srcset=\"data:image\/svg+xml,%3Csvg%20xmlns%3D%27http%3A%2F%2Fwww.w3.org%2F2000%2Fsvg%27%20width%3D%271410%27%20height%3D%272250%27%20viewBox%3D%270%200%201410%202250%27%3E%3Crect%20width%3D%271410%27%20height%3D%272250%27%20fill-opacity%3D%220%22%2F%3E%3C%2Fsvg%3E\" data-orig-src=\"https:\/\/siteok.edicic.org\/pt\/wp-content\/uploads\/2022\/02\/Capa_Livro_4.png\" data-srcset=\"https:\/\/siteok.edicic.org\/pt\/wp-content\/uploads\/2022\/02\/Capa_Livro_4-200x319.png 200w, https:\/\/siteok.edicic.org\/pt\/wp-content\/uploads\/2022\/02\/Capa_Livro_4-400x638.png 400w, https:\/\/siteok.edicic.org\/pt\/wp-content\/uploads\/2022\/02\/Capa_Livro_4-600x957.png 600w, https:\/\/siteok.edicic.org\/pt\/wp-content\/uploads\/2022\/02\/Capa_Livro_4-800x1277.png 800w, https:\/\/siteok.edicic.org\/pt\/wp-content\/uploads\/2022\/02\/Capa_Livro_4-1200x1915.png 1200w, https:\/\/siteok.edicic.org\/pt\/wp-content\/uploads\/2022\/02\/Capa_Livro_4.png 1410w\" data-sizes=\"auto\" \/><div class=\"fusion-rollover\">\n\t<div class=\"fusion-rollover-content\">\n\n\t\t\t\t\t\t\t\t\t\t\t\t\t\t<a class=\"fusion-rollover-link\" href=\"https:\/\/siteok.edicic.org\/pt\/avada_portfolio\/ejemplo-4\/\">Exemplo 4<\/a>\n\t\t\t\n\t\t\t\t\t\t\t\t\t\t\t\t\t\t\n\t\t\t\t\t\t\t\t\n\t\t\t\t\t\t\t\t\t\t\t\t\t<div class=\"fusion-rollover-sep\"><\/div>\n\t\t\t\t\n\t\t\t\t\t\t\t\t\t\t\t\t\t\t\t\t\t\t<a class=\"fusion-rollover-gallery\" href=\"https:\/\/siteok.edicic.org\/pt\/wp-content\/uploads\/2022\/02\/Capa_Livro_4.png\" data-id=\"2523\" data-rel=\"iLightbox[gallery-rw-2]\" data-title=\"Capa_Livro_4\" data-caption=\"\">\n\t\t\t\t\t\tGaleria\t\t\t\t\t<\/a>\n\t\t\t\t\t\t\t\t\t\t\t\t\t\t\n\t\t\n\t\t\t\t\t\t\t\t\n\t\t\t\t\t\t\t\t\n\t\t\n\t\t\t\t\t\t<a class=\"fusion-link-wrapper\" href=\"https:\/\/siteok.edicic.org\/pt\/avada_portfolio\/ejemplo-4\/\" aria-label=\"Exemplo 4\"><\/a>\n\t<\/div>\n<\/div>\n<\/div>\n<div class=\"fusion-portfolio-content\" style=\"background-color:rgba(255,255,255,1);\"><h2 class=\"entry-title fusion-post-title\"><a href=\"https:\/\/siteok.edicic.org\/pt\/avada_portfolio\/ejemplo-4\/\">Exemplo 4<\/a><\/h2><div class=\"fusion-content-sep sep-none\" style=\"border-color:#e7e4e2;\"><\/div><div class=\"fusion-post-content\"><p>  T\u00edtulo da publica\u00e7\u00e3o  Uno de los conceptos que se manejan en la Ciencia de la Informaci\u00f3n Documental es el de mediaci\u00f3n, la <a href=\"https:\/\/siteok.edicic.org\/pt\/avada_portfolio\/ejemplo-4\/\">[...]<\/a><\/p><\/div><\/div><\/div><\/article><article id=\"portfolio-2-post-2521\" class=\"fusion-portfolio-post fusion-col-spacing post-2521\"><div class=\"fusion-portfolio-content-wrapper\" style=\"border:none;background-color:rgba(255,255,255,1);\"><span class=\"vcard rich-snippet-hidden\"><span class=\"fn\"><a href=\"https:\/\/siteok.edicic.org\/pt\/author\/edicicor\/\" title=\"Posts de edicicor\" rel=\"author\">edicicor<\/a><\/span><\/span><span class=\"updated rich-snippet-hidden\">2022-02-28T11:05:11-03:00<\/span><div  class=\"fusion-image-wrapper\" aria-haspopup=\"true\">\n\t\t\t\t<img decoding=\"async\" width=\"1410\" height=\"2250\" src=\"https:\/\/siteok.edicic.org\/pt\/wp-content\/uploads\/2022\/02\/Capa_Livro_2.png\" class=\"attachment-full size-full lazyload wp-post-image\" alt=\"\" srcset=\"data:image\/svg+xml,%3Csvg%20xmlns%3D%27http%3A%2F%2Fwww.w3.org%2F2000%2Fsvg%27%20width%3D%271410%27%20height%3D%272250%27%20viewBox%3D%270%200%201410%202250%27%3E%3Crect%20width%3D%271410%27%20height%3D%272250%27%20fill-opacity%3D%220%22%2F%3E%3C%2Fsvg%3E\" data-orig-src=\"https:\/\/siteok.edicic.org\/pt\/wp-content\/uploads\/2022\/02\/Capa_Livro_2.png\" data-srcset=\"https:\/\/siteok.edicic.org\/pt\/wp-content\/uploads\/2022\/02\/Capa_Livro_2-200x319.png 200w, https:\/\/siteok.edicic.org\/pt\/wp-content\/uploads\/2022\/02\/Capa_Livro_2-400x638.png 400w, https:\/\/siteok.edicic.org\/pt\/wp-content\/uploads\/2022\/02\/Capa_Livro_2-600x957.png 600w, https:\/\/siteok.edicic.org\/pt\/wp-content\/uploads\/2022\/02\/Capa_Livro_2-800x1277.png 800w, https:\/\/siteok.edicic.org\/pt\/wp-content\/uploads\/2022\/02\/Capa_Livro_2-1200x1915.png 1200w, https:\/\/siteok.edicic.org\/pt\/wp-content\/uploads\/2022\/02\/Capa_Livro_2.png 1410w\" data-sizes=\"auto\" \/><div class=\"fusion-rollover\">\n\t<div class=\"fusion-rollover-content\">\n\n\t\t\t\t\t\t\t\t\t\t\t\t\t\t<a class=\"fusion-rollover-link\" href=\"https:\/\/siteok.edicic.org\/pt\/avada_portfolio\/ejemplo-3\/\">Exemplo 3<\/a>\n\t\t\t\n\t\t\t\t\t\t\t\t\t\t\t\t\t\t\n\t\t\t\t\t\t\t\t\n\t\t\t\t\t\t\t\t\t\t\t\t\t<div class=\"fusion-rollover-sep\"><\/div>\n\t\t\t\t\n\t\t\t\t\t\t\t\t\t\t\t\t\t\t\t\t\t\t<a class=\"fusion-rollover-gallery\" href=\"https:\/\/siteok.edicic.org\/pt\/wp-content\/uploads\/2022\/02\/Capa_Livro_2.png\" data-id=\"2521\" data-rel=\"iLightbox[gallery-rw-2]\" data-title=\"Capa_Livro_2\" data-caption=\"\">\n\t\t\t\t\t\tGaleria\t\t\t\t\t<\/a>\n\t\t\t\t\t\t\t\t\t\t\t\t\t\t\n\t\t\n\t\t\t\t\t\t\t\t\n\t\t\t\t\t\t\t\t\n\t\t\n\t\t\t\t\t\t<a class=\"fusion-link-wrapper\" href=\"https:\/\/siteok.edicic.org\/pt\/avada_portfolio\/ejemplo-3\/\" aria-label=\"Exemplo 3\"><\/a>\n\t<\/div>\n<\/div>\n<\/div>\n<div class=\"fusion-portfolio-content\" style=\"background-color:rgba(255,255,255,1);\"><h2 class=\"entry-title fusion-post-title\"><a href=\"https:\/\/siteok.edicic.org\/pt\/avada_portfolio\/ejemplo-3\/\">Exemplo 3<\/a><\/h2><div class=\"fusion-content-sep sep-none\" style=\"border-color:#e7e4e2;\"><\/div><div class=\"fusion-post-content\"><p>  T\u00edtulo da publica\u00e7\u00e3o  Uno de los conceptos que se manejan en la Ciencia de la Informaci\u00f3n Documental es el de mediaci\u00f3n, la <a href=\"https:\/\/siteok.edicic.org\/pt\/avada_portfolio\/ejemplo-3\/\">[...]<\/a><\/p><\/div><\/div><\/div><\/article><article id=\"portfolio-2-post-2519\" class=\"fusion-portfolio-post fusion-col-spacing post-2519\"><div class=\"fusion-portfolio-content-wrapper\" style=\"border:none;background-color:rgba(255,255,255,1);\"><span class=\"vcard rich-snippet-hidden\"><span class=\"fn\"><a href=\"https:\/\/siteok.edicic.org\/pt\/author\/edicicor\/\" title=\"Posts de edicicor\" rel=\"author\">edicicor<\/a><\/span><\/span><span class=\"updated rich-snippet-hidden\">2022-02-28T11:02:08-03:00<\/span><div  class=\"fusion-image-wrapper\" aria-haspopup=\"true\">\n\t\t\t\t<img decoding=\"async\" width=\"1410\" height=\"2250\" src=\"https:\/\/siteok.edicic.org\/pt\/wp-content\/uploads\/2022\/02\/Capa_Livro_1.png\" class=\"attachment-full size-full lazyload wp-post-image\" alt=\"\" srcset=\"data:image\/svg+xml,%3Csvg%20xmlns%3D%27http%3A%2F%2Fwww.w3.org%2F2000%2Fsvg%27%20width%3D%271410%27%20height%3D%272250%27%20viewBox%3D%270%200%201410%202250%27%3E%3Crect%20width%3D%271410%27%20height%3D%272250%27%20fill-opacity%3D%220%22%2F%3E%3C%2Fsvg%3E\" data-orig-src=\"https:\/\/siteok.edicic.org\/pt\/wp-content\/uploads\/2022\/02\/Capa_Livro_1.png\" data-srcset=\"https:\/\/siteok.edicic.org\/pt\/wp-content\/uploads\/2022\/02\/Capa_Livro_1-200x319.png 200w, https:\/\/siteok.edicic.org\/pt\/wp-content\/uploads\/2022\/02\/Capa_Livro_1-400x638.png 400w, https:\/\/siteok.edicic.org\/pt\/wp-content\/uploads\/2022\/02\/Capa_Livro_1-600x957.png 600w, https:\/\/siteok.edicic.org\/pt\/wp-content\/uploads\/2022\/02\/Capa_Livro_1-800x1277.png 800w, https:\/\/siteok.edicic.org\/pt\/wp-content\/uploads\/2022\/02\/Capa_Livro_1-1200x1915.png 1200w, https:\/\/siteok.edicic.org\/pt\/wp-content\/uploads\/2022\/02\/Capa_Livro_1.png 1410w\" data-sizes=\"auto\" \/><div class=\"fusion-rollover\">\n\t<div class=\"fusion-rollover-content\">\n\n\t\t\t\t\t\t\t\t\t\t\t\t\t\t<a class=\"fusion-rollover-link\" href=\"https:\/\/siteok.edicic.org\/pt\/avada_portfolio\/ejemplo-2\/\">Exemplo 2<\/a>\n\t\t\t\n\t\t\t\t\t\t\t\t\t\t\t\t\t\t\n\t\t\t\t\t\t\t\t\n\t\t\t\t\t\t\t\t\t\t\t\t\t<div class=\"fusion-rollover-sep\"><\/div>\n\t\t\t\t\n\t\t\t\t\t\t\t\t\t\t\t\t\t\t\t\t\t\t<a class=\"fusion-rollover-gallery\" href=\"https:\/\/siteok.edicic.org\/pt\/wp-content\/uploads\/2022\/02\/Capa_Livro_1.png\" data-id=\"2519\" data-rel=\"iLightbox[gallery-rw-2]\" data-title=\"Capa_Livro_1\" data-caption=\"\">\n\t\t\t\t\t\tGaleria\t\t\t\t\t<\/a>\n\t\t\t\t\t\t\t\t\t\t\t\t\t\t\n\t\t\n\t\t\t\t\t\t\t\t\n\t\t\t\t\t\t\t\t\n\t\t\n\t\t\t\t\t\t<a class=\"fusion-link-wrapper\" href=\"https:\/\/siteok.edicic.org\/pt\/avada_portfolio\/ejemplo-2\/\" aria-label=\"Exemplo 2\"><\/a>\n\t<\/div>\n<\/div>\n<\/div>\n<div class=\"fusion-portfolio-content\" style=\"background-color:rgba(255,255,255,1);\"><h2 class=\"entry-title fusion-post-title\"><a href=\"https:\/\/siteok.edicic.org\/pt\/avada_portfolio\/ejemplo-2\/\">Exemplo 2<\/a><\/h2><div class=\"fusion-content-sep sep-none\" style=\"border-color:#e7e4e2;\"><\/div><div class=\"fusion-post-content\"><p>  T\u00edtulo da publica\u00e7\u00e3o  Uno de los conceptos que se manejan en la Ciencia de la Informaci\u00f3n Documental es el de mediaci\u00f3n, la <a href=\"https:\/\/siteok.edicic.org\/pt\/avada_portfolio\/ejemplo-2\/\">[...]<\/a><\/p><\/div><\/div><\/div><\/article><article id=\"portfolio-2-post-2072\" class=\"fusion-portfolio-post publicaciones fusion-col-spacing post-2072\"><div class=\"fusion-portfolio-content-wrapper\" style=\"border:none;background-color:rgba(255,255,255,1);\"><span class=\"vcard rich-snippet-hidden\"><span class=\"fn\"><a href=\"https:\/\/siteok.edicic.org\/pt\/author\/edicicor\/\" title=\"Posts de edicicor\" rel=\"author\">edicicor<\/a><\/span><\/span><span class=\"updated rich-snippet-hidden\">2022-02-28T11:08:49-03:00<\/span><div  class=\"fusion-image-wrapper\" aria-haspopup=\"true\">\n\t\t\t\t<img decoding=\"async\" width=\"1410\" height=\"2250\" src=\"https:\/\/siteok.edicic.org\/pt\/wp-content\/uploads\/2022\/02\/Capa_Livro_3.png\" class=\"attachment-full size-full lazyload wp-post-image\" alt=\"\" srcset=\"data:image\/svg+xml,%3Csvg%20xmlns%3D%27http%3A%2F%2Fwww.w3.org%2F2000%2Fsvg%27%20width%3D%271410%27%20height%3D%272250%27%20viewBox%3D%270%200%201410%202250%27%3E%3Crect%20width%3D%271410%27%20height%3D%272250%27%20fill-opacity%3D%220%22%2F%3E%3C%2Fsvg%3E\" data-orig-src=\"https:\/\/siteok.edicic.org\/pt\/wp-content\/uploads\/2022\/02\/Capa_Livro_3.png\" data-srcset=\"https:\/\/siteok.edicic.org\/pt\/wp-content\/uploads\/2022\/02\/Capa_Livro_3-200x319.png 200w, https:\/\/siteok.edicic.org\/pt\/wp-content\/uploads\/2022\/02\/Capa_Livro_3-400x638.png 400w, https:\/\/siteok.edicic.org\/pt\/wp-content\/uploads\/2022\/02\/Capa_Livro_3-600x957.png 600w, https:\/\/siteok.edicic.org\/pt\/wp-content\/uploads\/2022\/02\/Capa_Livro_3-800x1277.png 800w, https:\/\/siteok.edicic.org\/pt\/wp-content\/uploads\/2022\/02\/Capa_Livro_3-1200x1915.png 1200w, https:\/\/siteok.edicic.org\/pt\/wp-content\/uploads\/2022\/02\/Capa_Livro_3.png 1410w\" data-sizes=\"auto\" \/><div class=\"fusion-rollover\">\n\t<div class=\"fusion-rollover-content\">\n\n\t\t\t\t\t\t\t\t\t\t\t\t\t\t<a class=\"fusion-rollover-link\" href=\"https:\/\/siteok.edicic.org\/pt\/avada_portfolio\/ejemplo-publicacion\/\">Exemplo de t\u00edtulo de uma publica\u00e7\u00e3o<\/a>\n\t\t\t\n\t\t\t\t\t\t\t\t\t\t\t\t\t\t\n\t\t\t\t\t\t\t\t\n\t\t\t\t\t\t\t\t\t\t\t\t\t<div class=\"fusion-rollover-sep\"><\/div>\n\t\t\t\t\n\t\t\t\t\t\t\t\t\t\t\t\t\t\t\t\t\t\t<a class=\"fusion-rollover-gallery\" href=\"https:\/\/siteok.edicic.org\/pt\/wp-content\/uploads\/2022\/02\/Capa_Livro_3.png\" data-id=\"2072\" data-rel=\"iLightbox[gallery-rw-2]\" data-title=\"Archivolog\u00eda\" data-caption=\"\">\n\t\t\t\t\t\tGaleria\t\t\t\t\t<\/a>\n\t\t\t\t\t\t\t\t\t\t\t\t\t\t\n\t\t\n\t\t\t\t\t\t\t\t\n\t\t\t\t\t\t\t\t\n\t\t\n\t\t\t\t\t\t<a class=\"fusion-link-wrapper\" href=\"https:\/\/siteok.edicic.org\/pt\/avada_portfolio\/ejemplo-publicacion\/\" aria-label=\"Exemplo de t\u00edtulo de uma publica\u00e7\u00e3o\"><\/a>\n\t<\/div>\n<\/div>\n<\/div>\n<div class=\"fusion-portfolio-content\" style=\"background-color:rgba(255,255,255,1);\"><h2 class=\"entry-title fusion-post-title\"><a href=\"https:\/\/siteok.edicic.org\/pt\/avada_portfolio\/ejemplo-publicacion\/\">Exemplo de t\u00edtulo de uma publica\u00e7\u00e3o<\/a><\/h2><div class=\"fusion-portfolio-meta\"><a href=\"https:\/\/siteok.edicic.org\/pt\/portfolio_category\/publicaciones\/\" rel=\"tag\">Publicaciones<\/a><\/div><div class=\"fusion-content-sep sep-none\" style=\"border-color:#e7e4e2;\"><\/div><div class=\"fusion-post-content\"><p>  Exemplo de uma publica\u00e7\u00e3o  Uno de los conceptos que se manejan en la Ciencia de la Informaci\u00f3n Documental es el de mediaci\u00f3n, <a href=\"https:\/\/siteok.edicic.org\/pt\/avada_portfolio\/ejemplo-publicacion\/\">[...]<\/a><\/p><\/div><\/div><\/div><\/article><\/div><\/div><\/div><style type=\"text\/css\">.fusion-body .fusion-builder-column-3{width:100% !important;margin-top : 10px;margin-bottom : 10px;}.fusion-builder-column-3 > .fusion-column-wrapper {padding-top : 0px !important;padding-right : 0px !important;margin-right : 1.92%;padding-bottom : 0px !important;padding-left : 0px !important;margin-left : 1.92%;}@media only screen and (max-width:1024px) {.fusion-body .fusion-builder-column-3{width:100% !important;}.fusion-builder-column-3 > .fusion-column-wrapper {margin-right : 1.92%;margin-left : 1.92%;}}@media only screen and (max-width:640px) {.fusion-body .fusion-builder-column-3{width:100% !important;}.fusion-builder-column-3 > .fusion-column-wrapper {margin-right : 1.92%;margin-left : 1.92%;}}<\/style><\/div><\/div><style type=\"text\/css\">.fusion-body .fusion-flex-container.fusion-builder-row-1{ padding-top : 90px;margin-top : 0px;padding-right : 0px;padding-bottom : 4%;margin-bottom : 0px;padding-left : 0px;}@media only screen and (max-width:1024px) {.fusion-body .fusion-flex-container.fusion-builder-row-1{ padding-bottom : 80px;}}@media only screen and (max-width:640px) {.fusion-body .fusion-flex-container.fusion-builder-row-1{ padding-top : 60px;}}<\/style><\/div><div class=\"fusion-fullwidth fullwidth-box fusion-builder-row-2 fusion-flex-container nonhundred-percent-fullwidth non-hundred-percent-height-scrolling\" style=\"background-color: rgba(255,255,255,0);background-position: center center;background-repeat: no-repeat;border-width: 0px 0px 0px 0px;border-color:#e7e4e2;border-style:solid;\" ><div class=\"fusion-builder-row fusion-row fusion-flex-align-items-flex-start\" style=\"max-width:1331.2px;margin-left: calc(-4% \/ 2 );margin-right: calc(-4% \/ 2 );\"><div class=\"fusion-layout-column fusion_builder_column fusion-builder-column-4 fusion_builder_column_1_1 1_1 fusion-flex-column\"><div class=\"fusion-column-wrapper fusion-flex-justify-content-flex-start fusion-content-layout-column\" style=\"background-position:left top;background-repeat:no-repeat;-webkit-background-size:cover;-moz-background-size:cover;-o-background-size:cover;background-size:cover;padding: 0px 0px 0px 0px;\"><div class=\"fusion-text fusion-text-2\"><\/div><\/div><style type=\"text\/css\">.fusion-body .fusion-builder-column-4{width:100% !important;margin-top : 0px;margin-bottom : 0px;}.fusion-builder-column-4 > .fusion-column-wrapper {padding-top : 0px !important;padding-right : 0px !important;margin-right : 1.92%;padding-bottom : 0px !important;padding-left : 0px !important;margin-left : 1.92%;}@media only screen and (max-width:1024px) {.fusion-body .fusion-builder-column-4{width:100% !important;}.fusion-builder-column-4 > .fusion-column-wrapper {margin-right : 1.92%;margin-left : 1.92%;}}@media only screen and (max-width:640px) {.fusion-body .fusion-builder-column-4{width:100% !important;}.fusion-builder-column-4 > .fusion-column-wrapper {margin-right : 1.92%;margin-left : 1.92%;}}<\/style><\/div><\/div><style type=\"text\/css\">.fusion-body .fusion-flex-container.fusion-builder-row-2{ padding-top : 0px;margin-top : 0px;padding-right : 0px;padding-bottom : 0px;margin-bottom : 0px;padding-left : 0px;}<\/style><\/div><\/p>\n","protected":false},"excerpt":{"rendered":"","protected":false},"author":1,"featured_media":0,"parent":1790,"menu_order":0,"comment_status":"closed","ping_status":"closed","template":"100-width.php","meta":{"content-type":"","footnotes":""},"class_list":["post-1897","page","type-page","status-publish","hentry"],"_links":{"self":[{"href":"https:\/\/siteok.edicic.org\/pt\/wp-json\/wp\/v2\/pages\/1897","targetHints":{"allow":["GET"]}}],"collection":[{"href":"https:\/\/siteok.edicic.org\/pt\/wp-json\/wp\/v2\/pages"}],"about":[{"href":"https:\/\/siteok.edicic.org\/pt\/wp-json\/wp\/v2\/types\/page"}],"author":[{"embeddable":true,"href":"https:\/\/siteok.edicic.org\/pt\/wp-json\/wp\/v2\/users\/1"}],"replies":[{"embeddable":true,"href":"https:\/\/siteok.edicic.org\/pt\/wp-json\/wp\/v2\/comments?post=1897"}],"version-history":[{"count":5,"href":"https:\/\/siteok.edicic.org\/pt\/wp-json\/wp\/v2\/pages\/1897\/revisions"}],"predecessor-version":[{"id":2718,"href":"https:\/\/siteok.edicic.org\/pt\/wp-json\/wp\/v2\/pages\/1897\/revisions\/2718"}],"up":[{"embeddable":true,"href":"https:\/\/siteok.edicic.org\/pt\/wp-json\/wp\/v2\/pages\/1790"}],"wp:attachment":[{"href":"https:\/\/siteok.edicic.org\/pt\/wp-json\/wp\/v2\/media?parent=1897"}],"curies":[{"name":"wp","href":"https:\/\/api.w.org\/{rel}","templated":true}]}}